{"id":286,"date":"2024-03-08T16:42:46","date_gmt":"2024-03-08T15:42:46","guid":{"rendered":"http:\/\/127.0.0.1:88\/?page_id=286"},"modified":"2024-03-08T16:56:06","modified_gmt":"2024-03-08T15:56:06","slug":"leistungen","status":"publish","type":"page","link":"https:\/\/ohl.de\/?page_id=286","title":{"rendered":"Leistungen"},"content":{"rendered":"\n<figure class=\"wp-block-image size-large\"><img loading=\"lazy\" decoding=\"async\" width=\"1024\" height=\"355\" src=\"https:\/\/ohl.de\/wp-content\/uploads\/2024\/03\/Leistungen_Presselogistik-1024x355.jpg\" alt=\"\" class=\"wp-image-296\" srcset=\"https:\/\/ohl.de\/wp-content\/uploads\/2024\/03\/Leistungen_Presselogistik-1024x355.jpg 1024w, https:\/\/ohl.de\/wp-content\/uploads\/2024\/03\/Leistungen_Presselogistik-300x104.jpg 300w, https:\/\/ohl.de\/wp-content\/uploads\/2024\/03\/Leistungen_Presselogistik-768x266.jpg 768w, https:\/\/ohl.de\/wp-content\/uploads\/2024\/03\/Leistungen_Presselogistik.jpg 1458w\" sizes=\"auto, (max-width: 1024px) 100vw, 1024px\" \/><\/figure>\n\n\n\n<p><strong>Presselogistik<\/strong><\/p>\n\n\n\n<p class=\"has-small-font-size\">Als Spezialist f\u00fcr Presselogistik\u00a0bieten wir Ihnen ein umfassendes\u00a0Logistik-Dienstleistungsangebot\u00a0aus einer Hand. Profitieren\u00a0Sie von unseren ma\u00dfgeschneiderten\u00a0L\u00f6sungen entlang der gesamten\u00a0Supply Chain. Von der\u00a0Organisation, Steuerung,\u00a0Abwicklung und Kontrolle,\u00a0dem dazugeh\u00f6rigen Informationsmanagement, Kommunikation, Beschaffung und Auslieferung bis hin zum Retourenmanagement und der fachgerechten Entsorgung \u2013 bei Ohl wird jede Logistik-Dienstleistung individuell auf Ihre W\u00fcnsche und Bed\u00fcrfnisse zugeschnitten.<\/p>\n\n\n\n<figure class=\"wp-block-image size-large\"><img loading=\"lazy\" decoding=\"async\" width=\"1024\" height=\"355\" src=\"https:\/\/ohl.de\/wp-content\/uploads\/2024\/03\/Leistungen_Fulfilment-1024x355.jpg\" alt=\"\" class=\"wp-image-298\" srcset=\"https:\/\/ohl.de\/wp-content\/uploads\/2024\/03\/Leistungen_Fulfilment-1024x355.jpg 1024w, https:\/\/ohl.de\/wp-content\/uploads\/2024\/03\/Leistungen_Fulfilment-300x104.jpg 300w, https:\/\/ohl.de\/wp-content\/uploads\/2024\/03\/Leistungen_Fulfilment-768x266.jpg 768w, https:\/\/ohl.de\/wp-content\/uploads\/2024\/03\/Leistungen_Fulfilment.jpg 1458w\" sizes=\"auto, (max-width: 1024px) 100vw, 1024px\" \/><\/figure>\n\n\n\n<p><strong>Fulfilment<\/strong><\/p>\n\n\n\n<p class=\"has-small-font-size\">Von der Beschaffung, Daten\u00fcbernahme,\u00a0Lagerung bis hin zur Kommissionierung\u00a0und Distribution: Ohl\u00a0verf\u00fcgt \u00fcber modernste\u00a0Warenwirtschaftssysteme\u00a0und Kapazit\u00e4ten f\u00fcr Ihre\u00a0Anforderungen in Fulfilment\u00a0und eCommerce. Auf \u00fcber\u00a025.000 qm Fl\u00e4che mit mehr als 40.000 Palettenpl\u00e4tzen im Hochregal decken wir f\u00fcr Sie die komplette Bandbreite aller logistischen b2b- und b2c-Prozesse ab, die nach dem Abschluss einer Bestellung in Gang gesetzt werden.<\/p>\n\n\n\n<figure class=\"wp-block-image size-large\"><img loading=\"lazy\" decoding=\"async\" width=\"1024\" height=\"355\" src=\"https:\/\/ohl.de\/wp-content\/uploads\/2024\/03\/Leistungen_Aircargo-1024x355.jpg\" alt=\"\" class=\"wp-image-299\" srcset=\"https:\/\/ohl.de\/wp-content\/uploads\/2024\/03\/Leistungen_Aircargo-1024x355.jpg 1024w, https:\/\/ohl.de\/wp-content\/uploads\/2024\/03\/Leistungen_Aircargo-300x104.jpg 300w, https:\/\/ohl.de\/wp-content\/uploads\/2024\/03\/Leistungen_Aircargo-768x266.jpg 768w, https:\/\/ohl.de\/wp-content\/uploads\/2024\/03\/Leistungen_Aircargo.jpg 1458w\" sizes=\"auto, (max-width: 1024px) 100vw, 1024px\" \/><\/figure>\n\n\n\n<p><strong>Aircargo<\/strong><\/p>\n\n\n\n<p class=\"has-small-font-size\">Unser Bereich Aircargo\u00a0sorgt f\u00fcr die schnelle\u00a0und reibungslose Belieferung\u00a0Ihrer Handelspartner weltweit.\u00a0Als Zertifizierter IATA\u2013Agent\u00a0und Lufthansa Business\u00a0Partner verf\u00fcgen wir \u00fcber die Anbindung an alle Zollverfahren (ATLAS Anbindung Export &#8211; Import und NCTS) sowie \u00fcber ein Partnernetzwerk an den wichtigsten Handelspl\u00e4tzen der Welt.<\/p>\n\n\n\n<figure class=\"wp-block-image size-full\"><img loading=\"lazy\" decoding=\"async\" width=\"952\" height=\"330\" src=\"https:\/\/ohl.de\/wp-content\/uploads\/2024\/03\/Leistungen_MediaKurier.jpg\" alt=\"\" class=\"wp-image-300\" srcset=\"https:\/\/ohl.de\/wp-content\/uploads\/2024\/03\/Leistungen_MediaKurier.jpg 952w, https:\/\/ohl.de\/wp-content\/uploads\/2024\/03\/Leistungen_MediaKurier-300x104.jpg 300w, https:\/\/ohl.de\/wp-content\/uploads\/2024\/03\/Leistungen_MediaKurier-768x266.jpg 768w\" sizes=\"auto, (max-width: 952px) 100vw, 952px\" \/><\/figure>\n\n\n\n<p><strong>Ohl Media Courier<\/strong><\/p>\n\n\n\n<p class=\"has-small-font-size\">Wichtige Dokumente m\u00fcssen\u00a0am n\u00e4chsten Vormittag\u00a0beim Kunden oder die wertvolle\u00a0Fracht auf die Minute\u00a0genau am Zielort eintreffen?\u00a0Kurier- und Expressdienstleistungen\u00a0sind das Tagesgesch\u00e4ft\u00a0von Ohl Media Courier.\u00a0Kerngesch\u00e4ft ist dabei\u00a0der Express- und Overnight-Versand f\u00fcr terminkritische Dokumente und G\u00fcter. Sp\u00e4te Abholungen mit Last Minute Service liefern wir bundesweit am Folgetag bis 12 Uhr aus, fr\u00fchere Zustellungen sind nach Vereinbarung uhrzeitgenau m\u00f6glich. Zudem stellen wir auch in Anrainerstaaten und Overnight nach London, Wien und Budapest zu.<\/p>\n","protected":false},"excerpt":{"rendered":"<p>Presselogistik Als Spezialist f\u00fcr Presselogistik\u00a0bieten wir Ihnen ein umfassendes\u00a0Logistik-Dienstleistungsangebot\u00a0aus einer Hand. Profitieren\u00a0Sie von unseren ma\u00dfgeschneiderten\u00a0L\u00f6sungen entlang der gesamten\u00a0Supply Chain. Von der\u00a0Organisation, Steuerung,\u00a0Abwicklung und Kontrolle,\u00a0dem dazugeh\u00f6rigen Informationsmanagement, Kommunikation, Beschaffung und Auslieferung bis hin zum Retourenmanagement und der fachgerechten Entsorgung \u2013 bei Ohl wird jede Logistik-Dienstleistung individuell auf Ihre W\u00fcnsche und Bed\u00fcrfnisse zugeschnitten. Fulfilment Von der Beschaffung, [&hellip;]<\/p>\n","protected":false},"author":1,"featured_media":0,"parent":0,"menu_order":0,"comment_status":"closed","ping_status":"closed","template":"","meta":{"footnotes":""},"class_list":["post-286","page","type-page","status-publish","hentry"],"_links":{"self":[{"href":"https:\/\/ohl.de\/index.php?rest_route=\/wp\/v2\/pages\/286","targetHints":{"allow":["GET"]}}],"collection":[{"href":"https:\/\/ohl.de\/index.php?rest_route=\/wp\/v2\/pages"}],"about":[{"href":"https:\/\/ohl.de\/index.php?rest_route=\/wp\/v2\/types\/page"}],"author":[{"embeddable":true,"href":"https:\/\/ohl.de\/index.php?rest_route=\/wp\/v2\/users\/1"}],"replies":[{"embeddable":true,"href":"https:\/\/ohl.de\/index.php?rest_route=%2Fwp%2Fv2%2Fcomments&post=286"}],"version-history":[{"count":7,"href":"https:\/\/ohl.de\/index.php?rest_route=\/wp\/v2\/pages\/286\/revisions"}],"predecessor-version":[{"id":306,"href":"https:\/\/ohl.de\/index.php?rest_route=\/wp\/v2\/pages\/286\/revisions\/306"}],"wp:attachment":[{"href":"https:\/\/ohl.de\/index.php?rest_route=%2Fwp%2Fv2%2Fmedia&parent=286"}],"curies":[{"name":"wp","href":"https:\/\/api.w.org\/{rel}","templated":true}]}}