{"id":261,"date":"2024-03-07T20:32:15","date_gmt":"2024-03-07T19:32:15","guid":{"rendered":"http:\/\/localhost:88\/?page_id=261"},"modified":"2024-03-07T21:03:38","modified_gmt":"2024-03-07T20:03:38","slug":"impressum","status":"publish","type":"page","link":"https:\/\/ohl.de\/?page_id=261","title":{"rendered":"Impressum"},"content":{"rendered":"\n<div class=\"wp-block-columns is-layout-flex wp-container-core-columns-is-layout-28f84493 wp-block-columns-is-layout-flex\">\n<div class=\"wp-block-column is-layout-flow wp-block-column-is-layout-flow\">\n<p>Ohl Logistik GmbH &amp; Co. KG<br>Internet:\u00a0<a href=\"http:\/\/ohl.de\/\" target=\"_blank\" rel=\"noreferrer noopener\">www.ohl.de<\/a><br>E-Mail:\u00a0<a href=\"mailto:info@ohl.de\">info@ohl.de<\/a><\/p>\n\n\n\n<p><strong>Zentrale<\/strong><br>Hittfelder Kirchweg 1-5<br>21220 Seevetal-Maschen<br>Telefon: 0 41 05 \/ 6 91 &#8211; 0<\/p>\n\n\n\n<p><strong>Verwaltung<\/strong><br>Am Burndahl 34<br>25582 Hohenaspe<br>Telefon: 0 48 93 \/ 17 144<\/p>\n<\/div>\n\n\n\n<div class=\"wp-block-column is-layout-flow wp-block-column-is-layout-flow\">\n<p><strong>Gesch\u00e4ftsf\u00fchrer<\/strong>:<br>Jochen Claussen (Gesch\u00e4ftsf\u00fchrender Gesellschafter)<\/p>\n\n\n\n<p>Renate Claussen-Ohl (Gesch\u00e4ftsf\u00fchrende Gesellschafterin)<\/p>\n\n\n\n<p>Volker Eilrich<br>(Gesch\u00e4ftsf\u00fchrer)<\/p>\n\n\n\n<p>Ust-IdNr.: DE 134772721<br>St.Nr. 18 280 31502<br>Gerichtsstand: Itzehoe\/Holstein<br>Amstgericht: Pinneberg HRA 75IZ<\/p>\n\n\n\n<p><a href=\"https:\/\/ohl.de\/?page_id=263\" data-type=\"page\" data-id=\"263\">Haftungsausschluss<\/a><\/p>\n<\/div>\n<\/div>\n","protected":false},"excerpt":{"rendered":"<p>Ohl Logistik GmbH &amp; Co. KGInternet:\u00a0www.ohl.deE-Mail:\u00a0info@ohl.de ZentraleHittfelder Kirchweg 1-521220 Seevetal-MaschenTelefon: 0 41 05 \/ 6 91 &#8211; 0 VerwaltungAm Burndahl 3425582 HohenaspeTelefon: 0 48 93 \/ 17 144 Gesch\u00e4ftsf\u00fchrer:Jochen Claussen (Gesch\u00e4ftsf\u00fchrender Gesellschafter) Renate Claussen-Ohl (Gesch\u00e4ftsf\u00fchrende Gesellschafterin) Volker Eilrich(Gesch\u00e4ftsf\u00fchrer) Ust-IdNr.: DE 134772721St.Nr. 18 280 31502Gerichtsstand: Itzehoe\/HolsteinAmstgericht: Pinneberg HRA 75IZ Haftungsausschluss<\/p>\n","protected":false},"author":1,"featured_media":0,"parent":0,"menu_order":0,"comment_status":"closed","ping_status":"closed","template":"","meta":{"footnotes":""},"class_list":["post-261","page","type-page","status-publish","hentry"],"_links":{"self":[{"href":"https:\/\/ohl.de\/index.php?rest_route=\/wp\/v2\/pages\/261","targetHints":{"allow":["GET"]}}],"collection":[{"href":"https:\/\/ohl.de\/index.php?rest_route=\/wp\/v2\/pages"}],"about":[{"href":"https:\/\/ohl.de\/index.php?rest_route=\/wp\/v2\/types\/page"}],"author":[{"embeddable":true,"href":"https:\/\/ohl.de\/index.php?rest_route=\/wp\/v2\/users\/1"}],"replies":[{"embeddable":true,"href":"https:\/\/ohl.de\/index.php?rest_route=%2Fwp%2Fv2%2Fcomments&post=261"}],"version-history":[{"count":10,"href":"https:\/\/ohl.de\/index.php?rest_route=\/wp\/v2\/pages\/261\/revisions"}],"predecessor-version":[{"id":278,"href":"https:\/\/ohl.de\/index.php?rest_route=\/wp\/v2\/pages\/261\/revisions\/278"}],"wp:attachment":[{"href":"https:\/\/ohl.de\/index.php?rest_route=%2Fwp%2Fv2%2Fmedia&parent=261"}],"curies":[{"name":"wp","href":"https:\/\/api.w.org\/{rel}","templated":true}]}}