{"id":122,"date":"2024-03-07T16:00:29","date_gmt":"2024-03-07T15:00:29","guid":{"rendered":"http:\/\/localhost:88\/?page_id=122"},"modified":"2024-03-07T16:00:48","modified_gmt":"2024-03-07T15:00:48","slug":"presselogistik","status":"publish","type":"page","link":"https:\/\/ohl.de\/?page_id=122","title":{"rendered":"Presselogistik"},"content":{"rendered":"\n<p><strong>Zeitschriften- und Zeitungslogistik &#8211; die Sendung kommt von Ohl<\/strong><\/p>\n\n\n\n<p>Als Spezialist bieten wir Ihnen die Best-of-Class Branchenl\u00f6sung in der Presselogistik. Profitieren Sie von unseren ma\u00dfgeschneiderten L\u00f6sungen entlang der gesamten Supply Chain. Von der Organisation, Steuerung, Abwicklung und Kontrolle, dem dazugeh\u00f6rigen Informationsmanagement, Kommunikation, Beschaffung und Auslieferung \u2013 bei Ohl wird jede Logistik-Dienstleistung individuell auf Ihre W\u00fcnsche und Bed\u00fcrfnisse zugeschnitten.<\/p>\n\n\n\n<p><strong>Zeitschriftenlogistik<\/strong><\/p>\n\n\n\n<ul class=\"wp-block-list\">\n<li>T\u00e4gliche bundesweite Distribution im Ohl-Zeitschriften-Netzwerk&nbsp;<\/li>\n\n\n\n<li>Druckortbetreuung&nbsp;<\/li>\n\n\n\n<li>Entwicklung optimaler Versandpl\u00e4ne&nbsp;<\/li>\n\n\n\n<li>Flexible \u00c4nderung der Disposition bei kurzfristigen Aktualit\u00e4tserfordernissen <\/li>\n\n\n\n<li>Kommissionierung, Spitzen-\/Vollballenfertigung&nbsp;<\/li>\n\n\n\n<li>Europaweite Distribution&nbsp;<\/li>\n\n\n\n<li>Abwicklung der Import-\/Exportdokumentationen<\/li>\n<\/ul>\n\n\n\n<p><strong>Zeitungslogistik<\/strong><\/p>\n\n\n\n<ul class=\"wp-block-list\">\n<li>Distribution von nationalen und internationalen Tageszeitungen<\/li>\n\n\n\n<li>T\u00e4gliches, fl\u00e4chendeckendes und europaweites Auslieferungsnetzwerk\u00a0<\/li>\n\n\n\n<li>Mehrstufige Versandschienen<\/li>\n\n\n\n<li>Hand Delivery in 650 deutschen St\u00e4dten\u00a0<\/li>\n\n\n\n<li>Messe- und Hotelbelieferung\u00a0<\/li>\n<\/ul>\n\n\n\n<p><strong>Ihre Vorteile<\/strong><\/p>\n\n\n\n<ul class=\"wp-block-list\">\n<li>Permanente Systemoptimierung und Weiterentwicklung der Logistikstrukturen durch konsequentes Prozessdenken\u00a0<\/li>\n\n\n\n<li>Eigene 24\/7 Netzwerke und Distributionszentren<\/li>\n\n\n\n<li>Datenmanagement durch moderne IT-Systeme<\/li>\n\n\n\n<li>Just in time-Belieferung des Handels\u00a0<\/li>\n\n\n\n<li>Zentrale Koordination der Prozessabl\u00e4ufe\u00a0(Single Point of Contact)<\/li>\n\n\n\n<li>Zertifizierung aller Leistungen und Prozesse nach DIN EN ISO 9001:2008<\/li>\n<\/ul>\n","protected":false},"excerpt":{"rendered":"<p>Zeitschriften- und Zeitungslogistik &#8211; die Sendung kommt von Ohl Als Spezialist bieten wir Ihnen die Best-of-Class Branchenl\u00f6sung in der Presselogistik. Profitieren Sie von unseren ma\u00dfgeschneiderten L\u00f6sungen entlang der gesamten Supply Chain. Von der Organisation, Steuerung, Abwicklung und Kontrolle, dem dazugeh\u00f6rigen Informationsmanagement, Kommunikation, Beschaffung und Auslieferung \u2013 bei Ohl wird jede Logistik-Dienstleistung individuell auf Ihre W\u00fcnsche [&hellip;]<\/p>\n","protected":false},"author":1,"featured_media":0,"parent":0,"menu_order":0,"comment_status":"closed","ping_status":"closed","template":"","meta":{"footnotes":""},"class_list":["post-122","page","type-page","status-publish","hentry"],"_links":{"self":[{"href":"https:\/\/ohl.de\/index.php?rest_route=\/wp\/v2\/pages\/122","targetHints":{"allow":["GET"]}}],"collection":[{"href":"https:\/\/ohl.de\/index.php?rest_route=\/wp\/v2\/pages"}],"about":[{"href":"https:\/\/ohl.de\/index.php?rest_route=\/wp\/v2\/types\/page"}],"author":[{"embeddable":true,"href":"https:\/\/ohl.de\/index.php?rest_route=\/wp\/v2\/users\/1"}],"replies":[{"embeddable":true,"href":"https:\/\/ohl.de\/index.php?rest_route=%2Fwp%2Fv2%2Fcomments&post=122"}],"version-history":[{"count":2,"href":"https:\/\/ohl.de\/index.php?rest_route=\/wp\/v2\/pages\/122\/revisions"}],"predecessor-version":[{"id":124,"href":"https:\/\/ohl.de\/index.php?rest_route=\/wp\/v2\/pages\/122\/revisions\/124"}],"wp:attachment":[{"href":"https:\/\/ohl.de\/index.php?rest_route=%2Fwp%2Fv2%2Fmedia&parent=122"}],"curies":[{"name":"wp","href":"https:\/\/api.w.org\/{rel}","templated":true}]}}