{"id":112,"date":"2024-03-07T15:52:43","date_gmt":"2024-03-07T14:52:43","guid":{"rendered":"http:\/\/localhost:88\/?page_id=112"},"modified":"2025-08-06T16:12:07","modified_gmt":"2025-08-06T14:12:07","slug":"wir-suchen-sie","status":"publish","type":"page","link":"https:\/\/ohl.de\/?page_id=112","title":{"rendered":"Wir suchen Sie"},"content":{"rendered":"\n<p>Die rasante Entwicklung und immer speziellere Kundenanfragen bestimmen den Arbeitsalltag in unseren Gesch\u00e4ftsbereichen Logistik und Fulfilment<\/p>\n\n\n\n<p>Der Garant f\u00fcr unsere hohe Flexibilit\u00e4t und unser schnelles Reaktionsverm\u00f6gen sind unsere Mitarbeiter. Ihr wertvolles Spezialwissen, die Begeisterungsf\u00e4higkeit f\u00fcr alle Themen rund um die Logistik und ihr hohes Engagement sichern unsere Leistungsf\u00e4higkeit und Marktf\u00fchrerschaft.<\/p>\n\n\n\n<p>Wir bieten Ihnen ein interessantes und vielf\u00e4ltiges Aufgabenspektrum und gute Aufstiegschancen in einem attraktiven und dynamischen Arbeitsumfeld \u2013 alles in einer Branche mit hohem Entwicklungspotenzial. Motivierte Fachkr\u00e4fte aus den Bereichen Logistik, IT und Vertrieb und Mitarbeiter f\u00fcr Lagert\u00e4tigkeiten sind an allen 13 Ohl Standorten gefragt. Die Ausbildung zu Kaufleuten f\u00fcr Spedition und Logistikdienstleistung geh\u00f6rt dazu.<\/p>\n\n\n\n<p>Sie m\u00f6chten sich initiativ bewerben? Wir freuen uns \u00fcber Ihre aussagekr\u00e4ftigen Unterlagen.<\/p>\n\n\n\n<p><strong>Ihre Ansprechpartnerin ist:<\/strong><\/p>\n\n\n\n<p class=\"has-contrast-color has-accent-5-background-color has-text-color has-background has-link-color wp-elements-fa9daacd6a22879fc8b64ae31e269886\" style=\"margin-top:var(--wp--preset--spacing--10);margin-right:0;margin-bottom:var(--wp--preset--spacing--10);margin-left:0\">Frau Julia Kahlisch<br>Human Resources<br>Telefon 04105 691-262<br><a href=\"mailto:bewerbungen@ohl.de\">bewerbungen@ohl.de<\/a><\/p>\n","protected":false},"excerpt":{"rendered":"<p>Die rasante Entwicklung und immer speziellere Kundenanfragen bestimmen den Arbeitsalltag in unseren Gesch\u00e4ftsbereichen Logistik und Fulfilment Der Garant f\u00fcr unsere hohe Flexibilit\u00e4t und unser schnelles Reaktionsverm\u00f6gen sind unsere Mitarbeiter. Ihr wertvolles Spezialwissen, die Begeisterungsf\u00e4higkeit f\u00fcr alle Themen rund um die Logistik und ihr hohes Engagement sichern unsere Leistungsf\u00e4higkeit und Marktf\u00fchrerschaft. Wir bieten Ihnen ein interessantes [&hellip;]<\/p>\n","protected":false},"author":1,"featured_media":0,"parent":0,"menu_order":0,"comment_status":"closed","ping_status":"closed","template":"","meta":{"footnotes":""},"class_list":["post-112","page","type-page","status-publish","hentry"],"_links":{"self":[{"href":"https:\/\/ohl.de\/index.php?rest_route=\/wp\/v2\/pages\/112","targetHints":{"allow":["GET"]}}],"collection":[{"href":"https:\/\/ohl.de\/index.php?rest_route=\/wp\/v2\/pages"}],"about":[{"href":"https:\/\/ohl.de\/index.php?rest_route=\/wp\/v2\/types\/page"}],"author":[{"embeddable":true,"href":"https:\/\/ohl.de\/index.php?rest_route=\/wp\/v2\/users\/1"}],"replies":[{"embeddable":true,"href":"https:\/\/ohl.de\/index.php?rest_route=%2Fwp%2Fv2%2Fcomments&post=112"}],"version-history":[{"count":9,"href":"https:\/\/ohl.de\/index.php?rest_route=\/wp\/v2\/pages\/112\/revisions"}],"predecessor-version":[{"id":347,"href":"https:\/\/ohl.de\/index.php?rest_route=\/wp\/v2\/pages\/112\/revisions\/347"}],"wp:attachment":[{"href":"https:\/\/ohl.de\/index.php?rest_route=%2Fwp%2Fv2%2Fmedia&parent=112"}],"curies":[{"name":"wp","href":"https:\/\/api.w.org\/{rel}","templated":true}]}}